{"id":488,"date":"2025-10-29T17:54:57","date_gmt":"2025-10-29T17:54:57","guid":{"rendered":"https:\/\/gskpraxis-cngjpktkui.live-website.com\/?page_id=488"},"modified":"2025-12-12T15:18:38","modified_gmt":"2025-12-12T14:18:38","slug":"metabolic-disorder","status":"publish","type":"page","link":"http:\/\/gsk-praxis.de\/en\/metabolic-disorder\/","title":{"rendered":"Metabolic disorder"},"content":{"rendered":"<div data-elementor-type=\"wp-page\" data-elementor-id=\"488\" class=\"elementor elementor-488\" data-elementor-post-type=\"page\">\n\t\t\t\t<div data-particle_enable=\"false\" data-particle-mobile-disabled=\"false\" class=\"elementor-element elementor-element-114b30b e-flex e-con-boxed e-con e-parent\" data-id=\"114b30b\" data-element_type=\"container\" data-e-type=\"container\">\n\t\t\t\t\t<div class=\"e-con-inner\">\n\t\t\t\t<div class=\"elementor-element elementor-element-89add14 elementor-widget elementor-widget-image\" data-id=\"89add14\" data-element_type=\"widget\" data-e-type=\"widget\" data-widget_type=\"image.default\">\n\t\t\t\t\t\t\t\t\t\t\t\t\t\t\t<img fetchpriority=\"high\" decoding=\"async\" width=\"553\" height=\"768\" src=\"https:\/\/gsk-praxis.de\/wp-content\/uploads\/2025\/11\/20251105_075110-3.jpg\" class=\"attachment-medium_large size-medium_large wp-image-863\" alt=\"Atherosclerosis - GSK Vein Center K\u00f6nigstein im Taunus\" srcset=\"https:\/\/gsk-praxis.de\/wp-content\/uploads\/2025\/11\/20251105_075110-3.jpg 553w, https:\/\/gsk-praxis.de\/wp-content\/uploads\/2025\/11\/20251105_075110-3-216x300.jpg 216w, https:\/\/gsk-praxis.de\/wp-content\/uploads\/2025\/11\/20251105_075110-3-9x12.jpg 9w\" sizes=\"(max-width: 553px) 100vw, 553px\" \/>\t\t\t\t\t\t\t\t\t\t\t\t\t\t\t<\/div>\n\t\t\t\t\t<\/div>\n\t\t\t\t<\/div>\n\t\t<div data-particle_enable=\"false\" data-particle-mobile-disabled=\"false\" class=\"elementor-element elementor-element-9e1a19b e-flex e-con-boxed e-con e-parent\" data-id=\"9e1a19b\" data-element_type=\"container\" data-e-type=\"container\">\n\t\t\t\t\t<div class=\"e-con-inner\">\n\t\t<div data-particle_enable=\"false\" data-particle-mobile-disabled=\"false\" class=\"elementor-element elementor-element-91a99fe e-con-full e-flex e-con e-child\" data-id=\"91a99fe\" data-element_type=\"container\" data-e-type=\"container\">\n\t\t<div data-particle_enable=\"false\" data-particle-mobile-disabled=\"false\" class=\"elementor-element elementor-element-664e14d e-con-full e-flex e-con e-child\" data-id=\"664e14d\" data-element_type=\"container\" data-e-type=\"container\" data-settings=\"{&quot;background_background&quot;:&quot;classic&quot;}\">\n\t\t\t\t<div class=\"elementor-element elementor-element-a5a8ebd elementor-widget elementor-widget-heading\" data-id=\"a5a8ebd\" data-element_type=\"widget\" data-e-type=\"widget\" data-widget_type=\"heading.default\">\n\t\t\t\t\t<h1 class=\"elementor-heading-title elementor-size-default\">Treatment of metabolic diseases (sugar and cholesterol)<\/h1>\t\t\t\t<\/div>\n\t\t\t\t<div class=\"elementor-element elementor-element-7e45cd4 elementor-widget__width-initial elementor-widget elementor-widget-text-editor\" data-id=\"7e45cd4\" data-element_type=\"widget\" data-e-type=\"widget\" data-widget_type=\"text-editor.default\">\n\t\t\t\t\t\t\t\t\t<p>For the early detection and prevention of the development of vascular calcification and the associated complications <strong>Secondary diseases<\/strong> (<strong>Eyes, kidneys, heart, brain, leg circulation and nerve disorders, diabetic foot syndrome<\/strong>We offer the following services:<\/p>\t\t\t\t\t\t\t\t<\/div>\n\t\t\t\t<div class=\"elementor-element elementor-element-75cb77d elementor-icon-list--layout-traditional elementor-list-item-link-full_width elementor-widget elementor-widget-icon-list\" data-id=\"75cb77d\" data-element_type=\"widget\" data-e-type=\"widget\" data-widget_type=\"icon-list.default\">\n\t\t\t\t\t\t\t<ul class=\"elementor-icon-list-items\">\n\t\t\t\t\t\t\t<li class=\"elementor-icon-list-item\">\n\t\t\t\t\t\t\t\t\t\t\t<span class=\"elementor-icon-list-icon\">\n\t\t\t\t\t\t\t<svg aria-hidden=\"true\" class=\"e-font-icon-svg e-fas-circle\" viewbox=\"0 0 512 512\" xmlns=\"http:\/\/www.w3.org\/2000\/svg\"><path d=\"M256 8C119 8 8 119 8 256s111 248 248 248 248-111 248-248S393 8 256 8z\"><\/path><\/svg>\t\t\t\t\t\t<\/span>\n\t\t\t\t\t\t\t\t\t\t<span class=\"elementor-icon-list-text\">Laboratory chemical analysis of metabolic parameters (sugar, blood lipids).<\/span>\n\t\t\t\t\t\t\t\t\t<\/li>\n\t\t\t\t\t\t\t\t<li class=\"elementor-icon-list-item\">\n\t\t\t\t\t\t\t\t\t\t\t<span class=\"elementor-icon-list-icon\">\n\t\t\t\t\t\t\t<svg aria-hidden=\"true\" class=\"e-font-icon-svg e-fas-circle\" viewbox=\"0 0 512 512\" xmlns=\"http:\/\/www.w3.org\/2000\/svg\"><path d=\"M256 8C119 8 8 119 8 256s111 248 248 248 248-111 248-248S393 8 256 8z\"><\/path><\/svg>\t\t\t\t\t\t<\/span>\n\t\t\t\t\t\t\t\t\t\t<span class=\"elementor-icon-list-text\">Advice and support during the change of lifestyle and eating habits.<\/span>\n\t\t\t\t\t\t\t\t\t<\/li>\n\t\t\t\t\t\t\t\t<li class=\"elementor-icon-list-item\">\n\t\t\t\t\t\t\t\t\t\t\t<span class=\"elementor-icon-list-icon\">\n\t\t\t\t\t\t\t<svg aria-hidden=\"true\" class=\"e-font-icon-svg e-fas-circle\" viewbox=\"0 0 512 512\" xmlns=\"http:\/\/www.w3.org\/2000\/svg\"><path d=\"M256 8C119 8 8 119 8 256s111 248 248 248 248-111 248-248S393 8 256 8z\"><\/path><\/svg>\t\t\t\t\t\t<\/span>\n\t\t\t\t\t\t\t\t\t\t<span class=\"elementor-icon-list-text\">Outpatient management of all forms of diabetes and cholesterol metabolism disorders<\/span>\n\t\t\t\t\t\t\t\t\t<\/li>\n\t\t\t\t\t\t\t\t<li class=\"elementor-icon-list-item\">\n\t\t\t\t\t\t\t\t\t\t\t<span class=\"elementor-icon-list-icon\">\n\t\t\t\t\t\t\t<svg aria-hidden=\"true\" class=\"e-font-icon-svg e-fas-circle\" viewbox=\"0 0 512 512\" xmlns=\"http:\/\/www.w3.org\/2000\/svg\"><path d=\"M256 8C119 8 8 119 8 256s111 248 248 248 248-111 248-248S393 8 256 8z\"><\/path><\/svg>\t\t\t\t\t\t<\/span>\n\t\t\t\t\t\t\t\t\t\t<span class=\"elementor-icon-list-text\">Coordination of structured and targeted training courses in cooperation with major diabetes centers<\/span>\n\t\t\t\t\t\t\t\t\t<\/li>\n\t\t\t\t\t\t<\/ul>\n\t\t\t\t\t\t<\/div>\n\t\t\t\t<\/div>\n\t\t\t\t<\/div>\n\t\t\t\t\t<\/div>\n\t\t\t\t<\/div>\n\t\t\t\t<\/div>","protected":false},"excerpt":{"rendered":"<p>Behandlung von Stoff\u00adwechsel\u00adkrankheiten (Zucker-und Cholesterin) Zum fr\u00fchzeitigen Erkennen und Vermeiden der Entwicklung von Gef\u00e4\u00dfverkalkung und den damit verbundenen Folgeerkrankungen (Augen, Nieren, Herz, Gehirn, Beindurchblutung und Nervenst\u00f6rungen, Diabetisches Fu\u00dfsyndrom) bieten wir folgende Leistungen an: Laborchemische Untersuchung von Stoffwechselparametern (Zucker, Blutfette). Beratung und Begleitung bei der Umstellung von Lebens- und Ern\u00e4hrungsgewohnheiten. Ambulante Einstellung aller Diabetesformen und der [&hellip;]<\/p>\n","protected":false},"author":1,"featured_media":0,"parent":0,"menu_order":0,"comment_status":"closed","ping_status":"closed","template":"","meta":{"footnotes":""},"class_list":["post-488","page","type-page","status-publish","hentry"],"_links":{"self":[{"href":"http:\/\/gsk-praxis.de\/en\/wp-json\/wp\/v2\/pages\/488","targetHints":{"allow":["GET"]}}],"collection":[{"href":"http:\/\/gsk-praxis.de\/en\/wp-json\/wp\/v2\/pages"}],"about":[{"href":"http:\/\/gsk-praxis.de\/en\/wp-json\/wp\/v2\/types\/page"}],"author":[{"embeddable":true,"href":"http:\/\/gsk-praxis.de\/en\/wp-json\/wp\/v2\/users\/1"}],"replies":[{"embeddable":true,"href":"http:\/\/gsk-praxis.de\/en\/wp-json\/wp\/v2\/comments?post=488"}],"version-history":[{"count":22,"href":"http:\/\/gsk-praxis.de\/en\/wp-json\/wp\/v2\/pages\/488\/revisions"}],"predecessor-version":[{"id":1105,"href":"http:\/\/gsk-praxis.de\/en\/wp-json\/wp\/v2\/pages\/488\/revisions\/1105"}],"wp:attachment":[{"href":"http:\/\/gsk-praxis.de\/en\/wp-json\/wp\/v2\/media?parent=488"}],"curies":[{"name":"wp","href":"https:\/\/api.w.org\/{rel}","templated":true}]}}