{"id":1083,"date":"2025-11-19T15:03:43","date_gmt":"2025-11-19T14:03:43","guid":{"rendered":"https:\/\/gsk-praxis.de\/?page_id=1083"},"modified":"2025-11-19T15:04:35","modified_gmt":"2025-11-19T14:04:35","slug":"imprint","status":"publish","type":"page","link":"https:\/\/gsk-praxis.de\/en\/imprint\/","title":{"rendered":"imprint"},"content":{"rendered":"<div data-elementor-type=\"wp-page\" data-elementor-id=\"1083\" class=\"elementor elementor-1083\" data-elementor-post-type=\"page\">\n\t\t\t\t<div data-particle_enable=\"false\" data-particle-mobile-disabled=\"false\" class=\"elementor-element elementor-element-78e7eb5d e-flex e-con-boxed e-con e-parent\" data-id=\"78e7eb5d\" data-element_type=\"container\" data-e-type=\"container\">\n\t\t\t\t\t<div class=\"e-con-inner\">\n\t\t\t\t<div class=\"elementor-element elementor-element-0ea5c6a elementor-widget elementor-widget-heading\" data-id=\"0ea5c6a\" data-element_type=\"widget\" data-e-type=\"widget\" data-widget_type=\"heading.default\">\n\t\t\t\t\t<h1 class=\"elementor-heading-title elementor-size-default\">imprint<\/h1>\t\t\t\t<\/div>\n\t\t\t\t<div class=\"elementor-element elementor-element-34b236a8 elementor-widget elementor-widget-text-editor\" data-id=\"34b236a8\" data-element_type=\"widget\" data-e-type=\"widget\" data-widget_type=\"text-editor.default\">\n\t\t\t\t\t\t\t\t\t<p><strong>Information according to \u00a7 5 TMG<\/strong><br>\n<strong>GSK Practice \u2013 Vein Center K\u00f6nigstein im Taunus<br>\nOwner: Taher Nazary<\/strong><br>\nSpecialist practice for vein medicine (phlebology)<br>\nFrankfurter Str. 9a<br>\n61462 K\u00f6nigstein im Taunus<\/p>\n\n<p><strong>contact<\/strong><br>\nPhone: <a href=\"tel:+496174961870\">06174 \/ 96 18 70<\/a><br>\nE-mail: <a href=\"mailto:mail@gsk-praxis.de\">mail@gsk-praxis.de<\/a><br>\nWebsite: <a href=\"https:\/\/gsk-praxis.de\/en\/\" target=\"_blank\" rel=\"noopener\">https:\/\/gsk-praxis.de<\/a><\/p>\n\n<p><strong>Professional regulations<\/strong><br>\nProfessional title: Physician (awarded in Germany)<br>\nResponsible chamber: Hesse State Medical Association, Im Vogelsgesang 3, 60488 Frankfurt am Main<br>\nProfessional code of conduct: <a href=\"https:\/\/www.laekh.de\/aerzte\/berufsordnung\" target=\"_blank\" rel=\"noopener\">Professional Code of Conduct of the State Medical Association of Hesse<\/a><br>\nSupervisory authority: Association of Statutory Health Insurance Physicians of Hesse, Europa-Allee 90, 60486 Frankfurt am Main<\/p>\n\n<p><strong>VAT identification number according to \u00a7 27a UStG:<\/strong> will follow\/upon request<br>\n<strong>Responsible for the content according to \u00a7 18 para. 2 MStV:<\/strong><br>\nTaher Nazary, Frankfurter Str. 9a, 61462 K\u00f6nigstein im Taunus<\/p>\n\n<p><strong>web design<\/strong><br>\n<a href=\"https:\/\/seobuchen.com\" target=\"_blank\" rel=\"noopener\">Book SEO through LinkITUp<\/a><\/p>\n\n<p><strong>Consumer dispute resolution \/ Universal arbitration body<\/strong><br>\nWe are neither willing nor obligated to participate in dispute resolution proceedings before a consumer arbitration board.<\/p>\n\n<p><strong>Image rights<\/strong><br>\nAll images are either self-created or licensed (including from Envato Elements).<\/p>\n\n<strong>Liability for content<\/strong><br>\nAs a service provider, we are responsible for our own content in accordance with Section 7 Paragraph 1 of the German Data Protection Act (DDG). However, according to Sections 8 to 10 of the DDG, we are not obligated to monitor transmitted or stored third-party information or to investigate circumstances that indicate illegal activity. Obligations to remove or block the use of information under general law remain unaffected. Liability is only possible from the point at which we become aware of a specific legal infringement. Upon becoming aware of such legal infringements, we will remove the relevant content immediately.\n\n<br><br><strong>Liability for links<\/strong><br>\nOur website contains links to external websites of third parties, over whose content we have no control. We therefore assume no liability for this content. The respective provider\/operator is responsible. Links were checked for possible legal violations at the time they were created. Without specific indications of legal violations, continuous monitoring is not feasible. Upon notification of legal violations, we will remove the corresponding links immediately.\n\n<br><br><strong>copyright<\/strong><br>\nAll content on this website is subject to German copyright law. Reproduction, modification, distribution, and use beyond the legally permissible limits require our written consent. Downloads and copies are permitted only for private, non-commercial use. Third-party content is identified as such. Should you notice a copyright infringement, please inform us. We will remove illegal content immediately.\n\t\t\t\t\t\t\t\t<\/div>\n\t\t\t\t\t<\/div>\n\t\t\t\t<\/div>\n\t\t\t\t<\/div>","protected":false},"excerpt":{"rendered":"<p>Impressum Angaben gem\u00e4\u00df \u00a7 5 TMG GSK Praxis \u2013 Venenzentrum K\u00f6nigstein im Taunus Inhaber: Taher Nazary Fachpraxis f\u00fcr Venenmedizin (Phlebologie) Frankfurter Str. 9a 61462 K\u00f6nigstein im Taunus Kontakt Telefon: 06174 \/ 96 18 70 E-Mail: mail@gsk-praxis.de Web: https:\/\/gsk-praxis.de Berufsrechtliche Angaben Berufsbezeichnung: Arzt (in Deutschland verliehen) Zust\u00e4ndige Kammer: Landes\u00e4rztekammer Hessen, Im Vogelsgesang 3, 60488 Frankfurt am [&hellip;]<\/p>\n","protected":false},"author":1,"featured_media":0,"parent":0,"menu_order":0,"comment_status":"closed","ping_status":"closed","template":"","meta":{"footnotes":""},"class_list":["post-1083","page","type-page","status-publish","hentry"],"_links":{"self":[{"href":"https:\/\/gsk-praxis.de\/en\/wp-json\/wp\/v2\/pages\/1083","targetHints":{"allow":["GET"]}}],"collection":[{"href":"https:\/\/gsk-praxis.de\/en\/wp-json\/wp\/v2\/pages"}],"about":[{"href":"https:\/\/gsk-praxis.de\/en\/wp-json\/wp\/v2\/types\/page"}],"author":[{"embeddable":true,"href":"https:\/\/gsk-praxis.de\/en\/wp-json\/wp\/v2\/users\/1"}],"replies":[{"embeddable":true,"href":"https:\/\/gsk-praxis.de\/en\/wp-json\/wp\/v2\/comments?post=1083"}],"version-history":[{"count":4,"href":"https:\/\/gsk-praxis.de\/en\/wp-json\/wp\/v2\/pages\/1083\/revisions"}],"predecessor-version":[{"id":1090,"href":"https:\/\/gsk-praxis.de\/en\/wp-json\/wp\/v2\/pages\/1083\/revisions\/1090"}],"wp:attachment":[{"href":"https:\/\/gsk-praxis.de\/en\/wp-json\/wp\/v2\/media?parent=1083"}],"curies":[{"name":"wp","href":"https:\/\/api.w.org\/{rel}","templated":true}]}}