{"id":454,"date":"2025-10-29T17:37:39","date_gmt":"2025-10-29T17:37:39","guid":{"rendered":"https:\/\/gskpraxis-cngjpktkui.live-website.com\/?page_id=454"},"modified":"2025-11-13T18:44:10","modified_gmt":"2025-11-13T17:44:10","slug":"vascular-ultrasound-examinations","status":"publish","type":"page","link":"https:\/\/gsk-praxis.de\/en\/vascular-ultrasound-examinations\/","title":{"rendered":"Vascular ultrasound examinations"},"content":{"rendered":"<div data-elementor-type=\"wp-page\" data-elementor-id=\"454\" class=\"elementor elementor-454\" data-elementor-post-type=\"page\">\n\t\t\t\t<div data-particle_enable=\"false\" data-particle-mobile-disabled=\"false\" class=\"elementor-element elementor-element-114b30b e-flex e-con-boxed e-con e-parent\" data-id=\"114b30b\" data-element_type=\"container\" data-e-type=\"container\">\n\t\t\t\t\t<div class=\"e-con-inner\">\n\t\t\t\t<div class=\"elementor-element elementor-element-89add14 elementor-widget elementor-widget-image\" data-id=\"89add14\" data-element_type=\"widget\" data-e-type=\"widget\" data-widget_type=\"image.default\">\n\t\t\t\t\t\t\t\t\t\t\t\t\t\t\t<img fetchpriority=\"high\" decoding=\"async\" width=\"768\" height=\"354\" src=\"https:\/\/gsk-praxis.de\/wp-content\/uploads\/2025\/11\/20251030_1420321-768x354.jpg\" class=\"attachment-medium_large size-medium_large wp-image-869\" alt=\"Ultrasound with treatment table in treatment room - GSK Vein Center K\u00f6nigstein im Taunus\" srcset=\"https:\/\/gsk-praxis.de\/wp-content\/uploads\/2025\/11\/20251030_1420321-768x354.jpg 768w, https:\/\/gsk-praxis.de\/wp-content\/uploads\/2025\/11\/20251030_1420321-300x138.jpg 300w, https:\/\/gsk-praxis.de\/wp-content\/uploads\/2025\/11\/20251030_1420321-18x8.jpg 18w, https:\/\/gsk-praxis.de\/wp-content\/uploads\/2025\/11\/20251030_1420321.jpg 1024w\" sizes=\"(max-width: 768px) 100vw, 768px\" \/>\t\t\t\t\t\t\t\t\t\t\t\t\t\t\t<\/div>\n\t\t\t\t<div class=\"elementor-element elementor-element-f8e99fc elementor-widget elementor-widget-heading\" data-id=\"f8e99fc\" data-element_type=\"widget\" data-e-type=\"widget\" data-widget_type=\"heading.default\">\n\t\t\t\t\t<h1 class=\"elementor-heading-title elementor-size-default\">Vascular ultrasound examinations<br>(Color-coded duplex sonography)<\/h1>\t\t\t\t<\/div>\n\t\t\t\t<div class=\"elementor-element elementor-element-7e45cd4 elementor-widget__width-initial elementor-widget elementor-widget-text-editor\" data-id=\"7e45cd4\" data-element_type=\"widget\" data-e-type=\"widget\" data-widget_type=\"text-editor.default\">\n\t\t\t\t\t\t\t\t\t<p>Vascular ultrasound examination can help determine the risk of serious conditions. <strong>Damage to the cardiovascular organs <\/strong>be detected early.<\/p>\n<p>Vascular ultrasound allows for monitoring the effectiveness of the treatment of <strong>cardiovascular risk factors <\/strong>(<strong>CVRF<\/strong>),&nbsp;<strong>Arterial hypertension <\/strong>(<strong>high blood pressure<\/strong>)<strong>, Lipid metabolism disorder with elevated cholesterol, especially LDL cholesterol <\/strong>(<strong>Hyperlipidemia<\/strong>), <strong>Diabetes mellitus (diabetes), obesity, lack of exercise, smoking, family history of cardiovascular disease<\/strong> and supports monitoring at <strong>Cardiovascular diseases<\/strong> during the course of events.<\/p>\t\t\t\t\t\t\t\t<\/div>\n\t\t\t\t\t<\/div>\n\t\t\t\t<\/div>\n\t\t<div data-particle_enable=\"false\" data-particle-mobile-disabled=\"false\" class=\"elementor-element elementor-element-03c1573 e-flex e-con-boxed e-con e-parent\" data-id=\"03c1573\" data-element_type=\"container\" data-e-type=\"container\">\n\t\t\t\t\t<div class=\"e-con-inner\">\n\t\t<div data-particle_enable=\"false\" data-particle-mobile-disabled=\"false\" class=\"elementor-element elementor-element-e546881 e-con-full e-flex e-con e-child\" data-id=\"e546881\" data-element_type=\"container\" data-e-type=\"container\">\n\t\t<div data-particle_enable=\"false\" data-particle-mobile-disabled=\"false\" class=\"elementor-element elementor-element-537feaa e-con-full e-flex e-con e-child\" data-id=\"537feaa\" data-element_type=\"container\" data-e-type=\"container\" data-settings=\"{&quot;background_background&quot;:&quot;classic&quot;}\">\n\t\t\t\t<div class=\"elementor-element elementor-element-54bc3ec elementor-widget elementor-widget-heading\" data-id=\"54bc3ec\" data-element_type=\"widget\" data-e-type=\"widget\" data-widget_type=\"heading.default\">\n\t\t\t\t\t<h3 class=\"elementor-heading-title elementor-size-default\">carotid arteries<br>(Carotid arteries, arteries supplying the brain):<\/h3>\t\t\t\t<\/div>\n\t\t\t\t<div class=\"elementor-element elementor-element-cf810df elementor-widget elementor-widget-text-editor\" data-id=\"cf810df\" data-element_type=\"widget\" data-e-type=\"widget\" data-widget_type=\"text-editor.default\">\n\t\t\t\t\t\t\t\t\t<p>To prevent strokes, screening for inflammatory diseases (<strong>Temporal arteritis<\/strong>) as well as for monitoring the progress after a <strong>stroke<\/strong> (<strong>Stroke<\/strong>) and after treatments on the carotid artery (<strong>operation<\/strong> <strong>(Thromboplastin endarterectomy (TEA))<\/strong>) <strong>or stent implantation<\/strong>).<\/p>\t\t\t\t\t\t\t\t<\/div>\n\t\t\t\t<\/div>\n\t\t\t\t<\/div>\n\t\t\t\t\t<\/div>\n\t\t\t\t<\/div>\n\t\t<div data-particle_enable=\"false\" data-particle-mobile-disabled=\"false\" class=\"elementor-element elementor-element-c5d9b47 e-flex e-con-boxed e-con e-parent\" data-id=\"c5d9b47\" data-element_type=\"container\" data-e-type=\"container\">\n\t\t\t\t\t<div class=\"e-con-inner\">\n\t\t<div data-particle_enable=\"false\" data-particle-mobile-disabled=\"false\" class=\"elementor-element elementor-element-49d3aec e-con-full e-flex e-con e-child\" data-id=\"49d3aec\" data-element_type=\"container\" data-e-type=\"container\">\n\t\t<div data-particle_enable=\"false\" data-particle-mobile-disabled=\"false\" class=\"elementor-element elementor-element-50cdf5b e-con-full e-flex e-con e-child\" data-id=\"50cdf5b\" data-element_type=\"container\" data-e-type=\"container\" data-settings=\"{&quot;background_background&quot;:&quot;classic&quot;}\">\n\t\t\t\t<div class=\"elementor-element elementor-element-4f3a00a elementor-widget elementor-widget-heading\" data-id=\"4f3a00a\" data-element_type=\"widget\" data-e-type=\"widget\" data-widget_type=\"heading.default\">\n\t\t\t\t\t<h3 class=\"elementor-heading-title elementor-size-default\">Arm vessels<\/h3>\t\t\t\t<\/div>\n\t\t\t\t<div class=\"elementor-element elementor-element-ffdefbc elementor-widget elementor-widget-text-editor\" data-id=\"ffdefbc\" data-element_type=\"widget\" data-e-type=\"widget\" data-widget_type=\"text-editor.default\">\n\t\t\t\t\t\t\t\t\t<p>For the examination and assessment of arterial vascular constrictions (<strong>Subclavian stenosis<\/strong>), \u00a0<strong>inflammatory vascular diseases <\/strong>(<strong>Giant cell arteritis<\/strong>)  and <strong>Arm vein thrombosis<\/strong>.<\/p>\t\t\t\t\t\t\t\t<\/div>\n\t\t\t\t<\/div>\n\t\t\t\t<\/div>\n\t\t\t\t\t<\/div>\n\t\t\t\t<\/div>\n\t\t<div data-particle_enable=\"false\" data-particle-mobile-disabled=\"false\" class=\"elementor-element elementor-element-cd2a1ff e-flex e-con-boxed e-con e-parent\" data-id=\"cd2a1ff\" data-element_type=\"container\" data-e-type=\"container\">\n\t\t\t\t\t<div class=\"e-con-inner\">\n\t\t<div data-particle_enable=\"false\" data-particle-mobile-disabled=\"false\" class=\"elementor-element elementor-element-9b5f9c4 e-con-full e-flex e-con e-child\" data-id=\"9b5f9c4\" data-element_type=\"container\" data-e-type=\"container\">\n\t\t<div data-particle_enable=\"false\" data-particle-mobile-disabled=\"false\" class=\"elementor-element elementor-element-53ccee0 e-con-full e-flex e-con e-child\" data-id=\"53ccee0\" data-element_type=\"container\" data-e-type=\"container\" data-settings=\"{&quot;background_background&quot;:&quot;classic&quot;}\">\n\t\t\t\t<div class=\"elementor-element elementor-element-129cdfb elementor-widget elementor-widget-heading\" data-id=\"129cdfb\" data-element_type=\"widget\" data-e-type=\"widget\" data-widget_type=\"heading.default\">\n\t\t\t\t\t<h3 class=\"elementor-heading-title elementor-size-default\">Abdominal aorta (aorta abdominalis)<\/h3>\t\t\t\t<\/div>\n\t\t\t\t<div class=\"elementor-element elementor-element-cb92c11 elementor-widget elementor-widget-text-editor\" data-id=\"cb92c11\" data-element_type=\"widget\" data-e-type=\"widget\" data-widget_type=\"text-editor.default\">\n\t\t\t\t\t\t\t\t\t<p>For the detection, monitoring of progress and timely treatment coordination of <strong>Abdominal aortic aneurysm (AAA)<\/strong>, pathological enlargement of the abdominal aorta), often resulting in a fatal outcome <strong>internal bleeding<\/strong> to avoid.<\/p>\t\t\t\t\t\t\t\t<\/div>\n\t\t\t\t<\/div>\n\t\t\t\t<\/div>\n\t\t\t\t\t<\/div>\n\t\t\t\t<\/div>\n\t\t<div data-particle_enable=\"false\" data-particle-mobile-disabled=\"false\" class=\"elementor-element elementor-element-f0ec73b e-flex e-con-boxed e-con e-parent\" data-id=\"f0ec73b\" data-element_type=\"container\" data-e-type=\"container\">\n\t\t\t\t\t<div class=\"e-con-inner\">\n\t\t<div data-particle_enable=\"false\" data-particle-mobile-disabled=\"false\" class=\"elementor-element elementor-element-0a0f468 e-con-full e-flex e-con e-child\" data-id=\"0a0f468\" data-element_type=\"container\" data-e-type=\"container\">\n\t\t<div data-particle_enable=\"false\" data-particle-mobile-disabled=\"false\" class=\"elementor-element elementor-element-193971c e-con-full e-flex e-con e-child\" data-id=\"193971c\" data-element_type=\"container\" data-e-type=\"container\" data-settings=\"{&quot;background_background&quot;:&quot;classic&quot;}\">\n\t\t\t\t<div class=\"elementor-element elementor-element-ea0abff elementor-widget elementor-widget-heading\" data-id=\"ea0abff\" data-element_type=\"widget\" data-e-type=\"widget\" data-widget_type=\"heading.default\">\n\t\t\t\t\t<h3 class=\"elementor-heading-title elementor-size-default\">renal arteries<\/h3>\t\t\t\t<\/div>\n\t\t\t\t<div class=\"elementor-element elementor-element-41e1bd6 elementor-widget elementor-widget-text-editor\" data-id=\"41e1bd6\" data-element_type=\"widget\" data-e-type=\"widget\" data-widget_type=\"text-editor.default\">\n\t\t\t\t\t\t\t\t\t<p>For the detection, monitoring, and timely treatment coordination of renal artery stenosis (<strong>Renal artery stenosis, NAST<\/strong>) as a rare cause of <strong>arterial hypertension<\/strong> (<strong>High blood pressure<\/strong>).<\/p>\t\t\t\t\t\t\t\t<\/div>\n\t\t\t\t<\/div>\n\t\t\t\t<\/div>\n\t\t\t\t\t<\/div>\n\t\t\t\t<\/div>\n\t\t<div data-particle_enable=\"false\" data-particle-mobile-disabled=\"false\" class=\"elementor-element elementor-element-76dbd38 e-flex e-con-boxed e-con e-parent\" data-id=\"76dbd38\" data-element_type=\"container\" data-e-type=\"container\">\n\t\t\t\t\t<div class=\"e-con-inner\">\n\t\t<div data-particle_enable=\"false\" data-particle-mobile-disabled=\"false\" class=\"elementor-element elementor-element-ad253b6 e-con-full e-flex e-con e-child\" data-id=\"ad253b6\" data-element_type=\"container\" data-e-type=\"container\">\n\t\t<div data-particle_enable=\"false\" data-particle-mobile-disabled=\"false\" class=\"elementor-element elementor-element-a97462e e-con-full e-flex e-con e-child\" data-id=\"a97462e\" data-element_type=\"container\" data-e-type=\"container\" data-settings=\"{&quot;background_background&quot;:&quot;classic&quot;}\">\n\t\t\t\t<div class=\"elementor-element elementor-element-91fdd32 elementor-widget elementor-widget-heading\" data-id=\"91fdd32\" data-element_type=\"widget\" data-e-type=\"widget\" data-widget_type=\"heading.default\">\n\t\t\t\t\t<h3 class=\"elementor-heading-title elementor-size-default\">Pelvic and leg arteries<\/h3>\t\t\t\t<\/div>\n\t\t\t\t<div class=\"elementor-element elementor-element-bd4f930 elementor-widget elementor-widget-text-editor\" data-id=\"bd4f930\" data-element_type=\"widget\" data-e-type=\"widget\" data-widget_type=\"text-editor.default\">\n\t\t\t\t\t\t\t\t\t<p>For the early detection of <strong>\u201eIntermittent claudication\u201c peripheral arterial occlusive disease (PAOD)<\/strong> and to avoid <strong>Leg amputations<\/strong>. For monitoring progress <strong>after arterial vascular interventions <\/strong>( <strong>Bypass surgery, stent implantation<\/strong>).<\/p>\t\t\t\t\t\t\t\t<\/div>\n\t\t\t\t<\/div>\n\t\t\t\t<\/div>\n\t\t\t\t\t<\/div>\n\t\t\t\t<\/div>\n\t\t<div data-particle_enable=\"false\" data-particle-mobile-disabled=\"false\" class=\"elementor-element elementor-element-dd06af6 e-flex e-con-boxed e-con e-parent\" data-id=\"dd06af6\" data-element_type=\"container\" data-e-type=\"container\">\n\t\t\t\t\t<div class=\"e-con-inner\">\n\t\t<div data-particle_enable=\"false\" data-particle-mobile-disabled=\"false\" class=\"elementor-element elementor-element-ad52da7 e-con-full e-flex e-con e-child\" data-id=\"ad52da7\" data-element_type=\"container\" data-e-type=\"container\">\n\t\t<div data-particle_enable=\"false\" data-particle-mobile-disabled=\"false\" class=\"elementor-element elementor-element-30e7368 e-con-full e-flex e-con e-child\" data-id=\"30e7368\" data-element_type=\"container\" data-e-type=\"container\" data-settings=\"{&quot;background_background&quot;:&quot;classic&quot;}\">\n\t\t\t\t<div class=\"elementor-element elementor-element-9264a61 elementor-widget elementor-widget-heading\" data-id=\"9264a61\" data-element_type=\"widget\" data-e-type=\"widget\" data-widget_type=\"heading.default\">\n\t\t\t\t\t<h3 class=\"elementor-heading-title elementor-size-default\">Pelvic and leg veins<\/h3>\t\t\t\t<\/div>\n\t\t\t\t<div class=\"elementor-element elementor-element-9c26547 elementor-widget elementor-widget-text-editor\" data-id=\"9c26547\" data-element_type=\"widget\" data-e-type=\"widget\" data-widget_type=\"text-editor.default\">\n\t\t\t\t\t\t\t\t\t<p>To detect and treat t<strong>Deep vein thrombosis (DVT) in the pelvis and legs<\/strong> and thus to avoid life-threatening situations <strong>Pulmonary embolisms <\/strong>(<strong>LE<\/strong>). Also for the early detection and treatment of <strong>Varicose veins (varicosis, chronic venous insufficiency) <\/strong>(<strong>CVI<\/strong>)<strong>,<\/strong> to avoid complications such as <strong>deep vein thrombosis <\/strong>(<strong>TVT<\/strong>), <strong>varicose vein inflammation<\/strong> (<strong>Varicophlebitis) <\/strong>and <strong>Venous leg ulcer <\/strong>(<strong>open leg<\/strong>) to avoid.<\/p>\t\t\t\t\t\t\t\t<\/div>\n\t\t\t\t<\/div>\n\t\t\t\t<\/div>\n\t\t\t\t\t<\/div>\n\t\t\t\t<\/div>\n\t\t\t\t<\/div>","protected":false},"excerpt":{"rendered":"<p>Gef\u00e4\u00dfultraschall\u00aduntersuchungen(Farbcodierte Duplex\u00adsonographie) Mithilfe der Gef\u00e4\u00dfultraschalluntersuchung kann das Risiko f\u00fcr schwerwiegende Sch\u00e4den an den Herz-Kreislauf-Organen fr\u00fchzeitig erkannt werden. Der Gef\u00e4\u00dfultraschall erm\u00f6glicht die Kontrolle der Wirksamkeit der Einstellung von kardiovaskul\u00e4ren Risikofaktoren (CVRF),&nbsp;Arterielle Hypertonie (hoher Blutdruck), Fettstoffwechselst\u00f6rung mit erh\u00f6htem Cholesterin, insbesondere LDL-Cholesterin (Hyperlipid\u00e4mie), Diabetes mellitus (Zuckerkrankheit), \u00dcbergewicht, Bewegungsmangel, Rauchen, Famili\u00e4re Vorbelastung f\u00fcr Herz-Kreislauf-Erkrankungen und unterst\u00fctzt das Monitoring bei [&hellip;]<\/p>\n","protected":false},"author":1,"featured_media":0,"parent":0,"menu_order":0,"comment_status":"closed","ping_status":"closed","template":"","meta":{"footnotes":""},"class_list":["post-454","page","type-page","status-publish","hentry"],"_links":{"self":[{"href":"https:\/\/gsk-praxis.de\/en\/wp-json\/wp\/v2\/pages\/454","targetHints":{"allow":["GET"]}}],"collection":[{"href":"https:\/\/gsk-praxis.de\/en\/wp-json\/wp\/v2\/pages"}],"about":[{"href":"https:\/\/gsk-praxis.de\/en\/wp-json\/wp\/v2\/types\/page"}],"author":[{"embeddable":true,"href":"https:\/\/gsk-praxis.de\/en\/wp-json\/wp\/v2\/users\/1"}],"replies":[{"embeddable":true,"href":"https:\/\/gsk-praxis.de\/en\/wp-json\/wp\/v2\/comments?post=454"}],"version-history":[{"count":52,"href":"https:\/\/gsk-praxis.de\/en\/wp-json\/wp\/v2\/pages\/454\/revisions"}],"predecessor-version":[{"id":1039,"href":"https:\/\/gsk-praxis.de\/en\/wp-json\/wp\/v2\/pages\/454\/revisions\/1039"}],"wp:attachment":[{"href":"https:\/\/gsk-praxis.de\/en\/wp-json\/wp\/v2\/media?parent=454"}],"curies":[{"name":"wp","href":"https:\/\/api.w.org\/{rel}","templated":true}]}}