{"id":496,"date":"2025-10-29T17:55:56","date_gmt":"2025-10-29T17:55:56","guid":{"rendered":"https:\/\/gskpraxis-cngjpktkui.live-website.com\/?page_id=496"},"modified":"2025-11-12T23:55:28","modified_gmt":"2025-11-12T22:55:28","slug":"wound-treatment","status":"publish","type":"page","link":"https:\/\/gsk-praxis.de\/en\/wound-treatment\/","title":{"rendered":"Wound treatment"},"content":{"rendered":"<div data-elementor-type=\"wp-page\" data-elementor-id=\"496\" class=\"elementor elementor-496\" data-elementor-post-type=\"page\">\n\t\t\t\t<div data-particle_enable=\"false\" data-particle-mobile-disabled=\"false\" class=\"elementor-element elementor-element-114b30b e-flex e-con-boxed e-con e-parent\" data-id=\"114b30b\" data-element_type=\"container\" data-e-type=\"container\">\n\t\t\t\t\t<div class=\"e-con-inner\">\n\t\t\t\t<div class=\"elementor-element elementor-element-89add14 elementor-widget elementor-widget-image\" data-id=\"89add14\" data-element_type=\"widget\" data-e-type=\"widget\" data-widget_type=\"image.default\">\n\t\t\t\t\t\t\t\t\t\t\t\t\t\t\t<img fetchpriority=\"high\" decoding=\"async\" width=\"768\" height=\"454\" src=\"https:\/\/gsk-praxis.de\/wp-content\/uploads\/2025\/11\/Wundheilungsphasen_chart_01_01-768x454.jpg\" class=\"attachment-medium_large size-medium_large wp-image-886\" alt=\"Wound healing phases - GSK Vein Center K\u00f6nigstein im Taunus\" srcset=\"https:\/\/gsk-praxis.de\/wp-content\/uploads\/2025\/11\/Wundheilungsphasen_chart_01_01-768x454.jpg 768w, https:\/\/gsk-praxis.de\/wp-content\/uploads\/2025\/11\/Wundheilungsphasen_chart_01_01-300x177.jpg 300w, https:\/\/gsk-praxis.de\/wp-content\/uploads\/2025\/11\/Wundheilungsphasen_chart_01_01-18x12.jpg 18w, https:\/\/gsk-praxis.de\/wp-content\/uploads\/2025\/11\/Wundheilungsphasen_chart_01_01.jpg 1024w\" sizes=\"(max-width: 768px) 100vw, 768px\" \/>\t\t\t\t\t\t\t\t\t\t\t\t\t\t\t<\/div>\n\t\t<div data-particle_enable=\"false\" data-particle-mobile-disabled=\"false\" class=\"elementor-element elementor-element-ad52da7 e-con-full e-flex e-con e-child\" data-id=\"ad52da7\" data-element_type=\"container\" data-e-type=\"container\">\n\t\t<div data-particle_enable=\"false\" data-particle-mobile-disabled=\"false\" class=\"elementor-element elementor-element-30e7368 e-con-full e-flex e-con e-child\" data-id=\"30e7368\" data-element_type=\"container\" data-e-type=\"container\" data-settings=\"{&quot;background_background&quot;:&quot;classic&quot;}\">\n\t\t\t\t<div class=\"elementor-element elementor-element-9264a61 elementor-widget elementor-widget-heading\" data-id=\"9264a61\" data-element_type=\"widget\" data-e-type=\"widget\" data-widget_type=\"heading.default\">\n\t\t\t\t\t<h1 class=\"elementor-heading-title elementor-size-default\">Wound treatment<\/h1>\t\t\t\t<\/div>\n\t\t\t\t<div class=\"elementor-element elementor-element-9c26547 elementor-widget elementor-widget-text-editor\" data-id=\"9c26547\" data-element_type=\"widget\" data-e-type=\"widget\" data-widget_type=\"text-editor.default\">\n\t\t\t\t\t\t\t\t\t<p>Vascular ultrasound examination can help determine the cause of persistent wounds (e.g. <strong>Open leg ulcers in CVI (chronic venous insufficiency) or PTS (post-thrombotic syndrome) and diabetic foot syndrome <\/strong>(<strong>DSF<\/strong>) be identified, be it <strong>arterial, venous <\/strong>or on the <strong>lymphatic vessels<\/strong> to be attributed to.<\/p>\n<p>After treatment of the underlying disease by <strong>arterial or venous interventions<\/strong>, supportive conservative measures such as leg and\/or foot relief, targeted local wound treatment with special <strong>Wound dressings<\/strong> and <strong>Compression therapy<\/strong> can these <b>c<\/b><strong>chronic wounds<\/strong> heal significantly faster.<\/p>\n<p><strong>Post-thrombotic syndrome<\/strong><\/p>\n<p><strong>The term <\/strong><a href=\"https:\/\/www.phlebology.de\/patienten\/glossar\/postthrombotisches-syndrom\/\" target=\"_blank\" rel=\"noopener\"><strong>post-thrombotic syndrome<\/strong><\/a> (<strong>PTS<\/strong>) This term summarizes a range of complaints and sequelae that can occur a few months to years after a<strong> deep vein thrombosis <\/strong>(<strong>TVT<\/strong>) arise. Those responsible for this are<strong> Permanent damage to the vein wall and vein valves.<\/strong><\/p>\t\t\t\t\t\t\t\t<\/div>\n\t\t\t\t<\/div>\n\t\t\t\t<\/div>\n\t\t\t\t<div class=\"elementor-element elementor-element-783ebf0 elementor-widget elementor-widget-image\" data-id=\"783ebf0\" data-element_type=\"widget\" data-e-type=\"widget\" data-widget_type=\"image.default\">\n\t\t\t\t\t\t\t\t\t\t\t\t\t\t\t<img decoding=\"async\" width=\"768\" height=\"512\" src=\"https:\/\/gsk-praxis.de\/wp-content\/uploads\/2025\/11\/5-1-768x512.jpg\" class=\"attachment-medium_large size-medium_large wp-image-872\" alt=\"Diabetic foot - GSK Vein Center K\u00f6nigstein im Taunus\" srcset=\"https:\/\/gsk-praxis.de\/wp-content\/uploads\/2025\/11\/5-1-768x512.jpg 768w, https:\/\/gsk-praxis.de\/wp-content\/uploads\/2025\/11\/5-1-300x200.jpg 300w, https:\/\/gsk-praxis.de\/wp-content\/uploads\/2025\/11\/5-1-18x12.jpg 18w, https:\/\/gsk-praxis.de\/wp-content\/uploads\/2025\/11\/5-1.jpg 1024w\" sizes=\"(max-width: 768px) 100vw, 768px\" \/>\t\t\t\t\t\t\t\t\t\t\t\t\t\t\t<\/div>\n\t\t<div data-particle_enable=\"false\" data-particle-mobile-disabled=\"false\" class=\"elementor-element elementor-element-54f0d45 e-con-full e-flex e-con e-child\" data-id=\"54f0d45\" data-element_type=\"container\" data-e-type=\"container\">\n\t\t<div data-particle_enable=\"false\" data-particle-mobile-disabled=\"false\" class=\"elementor-element elementor-element-9945f9f e-con-full e-flex e-con e-child\" data-id=\"9945f9f\" data-element_type=\"container\" data-e-type=\"container\" data-settings=\"{&quot;background_background&quot;:&quot;classic&quot;}\">\n\t\t\t\t<div class=\"elementor-element elementor-element-206dd9d elementor-widget elementor-widget-heading\" data-id=\"206dd9d\" data-element_type=\"widget\" data-e-type=\"widget\" data-widget_type=\"heading.default\">\n\t\t\t\t\t<h1 class=\"elementor-heading-title elementor-size-default\">Diabetic foot syndrome<\/h1>\t\t\t\t<\/div>\n\t\t\t\t<div class=\"elementor-element elementor-element-cef892e elementor-widget elementor-widget-text-editor\" data-id=\"cef892e\" data-element_type=\"widget\" data-e-type=\"widget\" data-widget_type=\"text-editor.default\">\n\t\t\t\t\t\t\t\t\t<p>Diabetic foot syndrome (DFS) encompasses a range of symptoms that result from a <strong>Diabetes mellitus<\/strong> can occur. The causes of DFS can include a nerve disorder (<strong>peripheral polyneuropathy (PNP)<\/strong>) , an arterial circulatory disorder, (<strong>peripheral arterial occlusive disease (PAOD)<\/strong>) or a combination of both factors.<\/p><p>Nerve damage weakens the tension in the foot muscles and ligaments, causing the arch of the foot to collapse. This results in... <strong>Numbness and painless pressure sores<\/strong> on the soles of the feet or toes. The skin becomes dry and fragile, which leads to the formation of <strong>Foot ulcers<\/strong> This condition promotes infections and can be difficult to heal. Due to arterial circulatory disorders, entire areas of tissue can die. Through targeted and differentiated examination, as well as treatment tailored to the severity of the condition, <strong>Foot and leg amputations<\/strong> be avoided.<\/p>\t\t\t\t\t\t\t\t<\/div>\n\t\t\t\t<\/div>\n\t\t\t\t<\/div>\n\t\t\t\t\t<\/div>\n\t\t\t\t<\/div>\n\t\t\t\t<\/div>","protected":false},"excerpt":{"rendered":"<p>Wund&shy;behandlung Mithilfe der Gef\u00e4\u00dfultraschalluntersuchung kann die Ursache langwieriger Wunden (z. B. offene Beine bei CVI (chronisch ven\u00f6se Insuffizienz oder PTS (Postthrombotisches Syndrom) und Diabetisches Fu\u00dfsyndrom (DSF) identifiziert werden, sei sie arteriell, ven\u00f6s oder auf die Lymphgef\u00e4\u00dfe zur\u00fcckzuf\u00fchren. Nach der Behandlung der Grunderkrankung durch arterielle oder ven\u00f6se Eingriffe, unterst\u00fctzende konservative Ma\u00dfnahmen wie Bein- und\/oder Fu\u00dfentlastung, eine [&hellip;]<\/p>\n","protected":false},"author":1,"featured_media":0,"parent":0,"menu_order":0,"comment_status":"closed","ping_status":"closed","template":"","meta":{"footnotes":""},"class_list":["post-496","page","type-page","status-publish","hentry"],"_links":{"self":[{"href":"https:\/\/gsk-praxis.de\/en\/wp-json\/wp\/v2\/pages\/496","targetHints":{"allow":["GET"]}}],"collection":[{"href":"https:\/\/gsk-praxis.de\/en\/wp-json\/wp\/v2\/pages"}],"about":[{"href":"https:\/\/gsk-praxis.de\/en\/wp-json\/wp\/v2\/types\/page"}],"author":[{"embeddable":true,"href":"https:\/\/gsk-praxis.de\/en\/wp-json\/wp\/v2\/users\/1"}],"replies":[{"embeddable":true,"href":"https:\/\/gsk-praxis.de\/en\/wp-json\/wp\/v2\/comments?post=496"}],"version-history":[{"count":25,"href":"https:\/\/gsk-praxis.de\/en\/wp-json\/wp\/v2\/pages\/496\/revisions"}],"predecessor-version":[{"id":975,"href":"https:\/\/gsk-praxis.de\/en\/wp-json\/wp\/v2\/pages\/496\/revisions\/975"}],"wp:attachment":[{"href":"https:\/\/gsk-praxis.de\/en\/wp-json\/wp\/v2\/media?parent=496"}],"curies":[{"name":"wp","href":"https:\/\/api.w.org\/{rel}","templated":true}]}}